{"id":271,"date":"2025-10-30T10:41:14","date_gmt":"2025-10-30T09:41:14","guid":{"rendered":"https:\/\/saunamarathon.ch\/?page_id=271"},"modified":"2025-12-15T23:39:18","modified_gmt":"2025-12-15T22:39:18","slug":"ueber-uns","status":"publish","type":"page","link":"https:\/\/saunamarathon.ch\/en\/ueber-uns\/","title":{"rendered":"About us"},"content":{"rendered":"<p>[et_pb_section fb_built=&#8220;1&#8243; admin_label=&#8220;Header&#8220; _builder_version=&#8220;4.27.4&#8243; background_image=&#8220;https:\/\/saunamarathon.ch\/wp-content\/uploads\/2025\/11\/kapitelbild-saunamarathon-1.jpg&#8220; background_position=&#8220;top_center&#8220; max_width_last_edited=&#8220;off|desktop&#8220; min_height=&#8220;600px&#8220; min_height_tablet=&#8220;400px&#8220; min_height_phone=&#8220;200px&#8220; min_height_last_edited=&#8220;on|phone&#8220; custom_margin=&#8220;||||false|false&#8220; bottom_divider_style=&#8220;wave2&#8243; bottom_divider_color=&#8220;#FDDC00&#8243; bottom_divider_height_tablet=&#8220;50px&#8220; bottom_divider_height_phone=&#8220;50px&#8220; bottom_divider_height_last_edited=&#8220;on|tablet&#8220; locked=&#8220;off&#8220; global_colors_info=&#8220;{}&#8220;][\/et_pb_section][et_pb_section fb_built=&#8220;1&#8243; custom_padding_last_edited=&#8220;on|tablet&#8220; admin_label=&#8220;Hero Section&#8220; _builder_version=&#8220;4.27.4&#8243; use_background_color_gradient=&#8220;on&#8220; background_color_gradient_direction=&#8220;0deg&#8220; background_color_gradient_stops=&#8220;#f6a500 0%|#fddc00 100%&#8220; background_color_gradient_start=&#8220;#a258ff&#8220; background_color_gradient_end=&#8220;#308cff&#8220; custom_margin=&#8220;|||&#8220; custom_padding=&#8220;40px||120px||false|false&#8220; custom_padding_tablet=&#8220;40px||80px||false|false&#8220; custom_padding_phone=&#8220;40px||80px||false|false&#8220; bottom_divider_style=&#8220;wave2&#8243; bottom_divider_color=&#8220;#FFFFFF&#8220; bottom_divider_repeat=&#8220;1x&#8220; bottom_divider_flip=&#8220;vertical&#8220; bottom_divider_height_tablet=&#8220;50px&#8220; bottom_divider_height_phone=&#8220;50px&#8220; bottom_divider_height_last_edited=&#8220;on|tablet&#8220; locked=&#8220;off&#8220; global_colors_info=&#8220;{}&#8220;][et_pb_row _builder_version=&#8220;4.27.4&#8243; background_size=&#8220;initial&#8220; background_position=&#8220;top_left&#8220; background_repeat=&#8220;repeat&#8220; custom_margin=&#8220;||40px|&#8220; animation_style=&#8220;slide&#8220; animation_intensity_slide=&#8220;5%&#8220; global_colors_info=&#8220;{}&#8220;][et_pb_column type=&#8220;4_4&#8243; _builder_version=&#8220;4.16&#8243; custom_padding=&#8220;|||&#8220; global_colors_info=&#8220;{}&#8220; custom_padding__hover=&#8220;|||&#8220;][et_pb_text admin_label=&#8220;Title&#8220; _builder_version=&#8220;4.27.4&#8243; text_font=&#8220;||||||||&#8220; header_text_align=&#8220;center&#8220; background_layout=&#8220;dark&#8220; global_colors_info=&#8220;{}&#8220;]<\/p>\n<h1>A passion for sauna!<br \/>The people behind it.<\/h1>\n<p>[\/et_pb_text][et_pb_divider colour=\u201c#FFFFFF\u201c divider_weight=\u201c3px\u201c _builder_version=\u201c4.27.4\u2033 max_width=\u201c100px\u201c module_alignment=\u201ccentre\u201c global_colors_info=\u201c{}\u201c][\/et_pb_divider][et_pb_text _builder_version=\u201c4.27.4\u2033 text_text_color=\u201c#FFFFFFFF\u201c header_font=\u201c||||||||\u201c text_orientation=\u201ccentre\u201c max_width=\u201c700px\u201c module_alignment=\u201ccentre\u201c global_colors_info=\u201c{}\u201c]<\/p>\n<p>The sauna marathon is organised by a non-profit association, the \u00abVerein Saunamarathon Schaffhausen\u00bb. The association is not profit-orientated. All members of the association's board and the organising committee work on a voluntary basis. Neither salaries nor expenses are paid.<\/p>\n<p>[\/et_pb_text][\/et_pb_column][\/et_pb_row][\/et_pb_section][et_pb_section fb_built=&#8220;1&#8243; admin_label=&#8220;About Section&#8220; _builder_version=&#8220;4.27.4&#8243; background_color_gradient_direction=&#8220;145deg&#8220; custom_margin=&#8220;|||&#8220; custom_padding=&#8220;80px||80px||true|false&#8220; global_colors_info=&#8220;{}&#8220;][et_pb_row _builder_version=&#8220;4.27.4&#8243; custom_margin=&#8220;|||&#8220; custom_margin_phone=&#8220;30px|||&#8220; custom_margin_last_edited=&#8220;off|desktop&#8220; custom_padding=&#8220;||0px||false|false&#8220; animation_style=&#8220;slide&#8220; animation_direction=&#8220;top&#8220; animation_intensity_slide=&#8220;5%&#8220; locked=&#8220;off&#8220; global_colors_info=&#8220;{}&#8220;][et_pb_column type=&#8220;4_4&#8243; _builder_version=&#8220;4.27.4&#8243; custom_padding=&#8220;|||&#8220; global_colors_info=&#8220;{}&#8220; custom_padding__hover=&#8220;|||&#8220;][et_pb_text admin_label=&#8220;Title&#8220; _builder_version=&#8220;4.27.4&#8243; text_font=&#8220;||||||||&#8220; header_2_text_align=&#8220;center&#8220; global_colors_info=&#8220;{}&#8220;]<\/p>\n<h2>Association Board &amp; Organising Committee<\/h2>\n<p>[\/et_pb_text][et_pb_divider color=&#8220;#CD1719&#8243; divider_weight=&#8220;3px&#8220; _builder_version=&#8220;4.27.4&#8243; max_width=&#8220;100px&#8220; module_alignment=&#8220;center&#8220; global_colors_info=&#8220;{}&#8220;][\/et_pb_divider][\/et_pb_column][\/et_pb_row][et_pb_row _builder_version=&#8220;4.27.4&#8243; custom_margin=&#8220;|||&#8220; custom_margin_phone=&#8220;30px|||&#8220; custom_margin_last_edited=&#8220;off|desktop&#8220; animation_style=&#8220;slide&#8220; animation_intensity_slide=&#8220;5%&#8220; locked=&#8220;off&#8220; global_colors_info=&#8220;{}&#8220;][et_pb_column type=&#8220;4_4&#8243; _builder_version=&#8220;4.27.4&#8243; custom_padding=&#8220;|||&#8220; global_colors_info=&#8220;{}&#8220; custom_padding__hover=&#8220;|||&#8220;][et_pb_image src=&#8220;https:\/\/saunamarathon.ch\/wp-content\/uploads\/2025\/10\/IMG_0808.jpeg&#8220; title_text=&#8220;IMG_0808&#8243; show_bottom_space=&#8220;off&#8220; _builder_version=&#8220;4.27.4&#8243; _module_preset=&#8220;default&#8220; border_radii=&#8220;on|24px|24px|24px|24px&#8220; box_shadow_style=&#8220;preset3&#8243; global_colors_info=&#8220;{}&#8220;][\/et_pb_image][et_pb_text _builder_version=&#8220;4.27.4&#8243; text_font_size=&#8220;14px&#8220; text_line_height=&#8220;1.5em&#8220; custom_margin=&#8220;16px||||false|false&#8220; global_colors_info=&#8220;{}&#8220;]<\/p>\n<p>The organising committee in the Rhysauna<\/p>\n<p>[\/et_pb_text][\/et_pb_column][\/et_pb_row][et_pb_row column_structure=&#8220;1_2,1_2&#8243; _builder_version=&#8220;4.27.4&#8243; custom_margin=&#8220;|||&#8220; custom_margin_phone=&#8220;30px|||&#8220; custom_margin_last_edited=&#8220;off|desktop&#8220; locked=&#8220;off&#8220; global_colors_info=&#8220;{}&#8220;][et_pb_column type=&#8220;1_2&#8243; _builder_version=&#8220;4.27.4&#8243; custom_padding=&#8220;|||&#8220; animation_style=&#8220;slide&#8220; animation_direction=&#8220;left&#8220; animation_intensity_slide=&#8220;5%&#8220; global_colors_info=&#8220;{}&#8220; custom_padding__hover=&#8220;|||&#8220;][et_pb_text _builder_version=&#8220;4.27.4&#8243; global_colors_info=&#8220;{}&#8220;]<\/p>\n<h4>Organising Committee<\/h4>\n<p><strong>Daniel Preisig<\/strong><br \/>Association president, coordination, programme planning<br \/><a href=\"mailto:daniel@saunamarathon.ch\">daniel@saunamarathon.ch<\/a><\/p>\n<p><strong>Beat F\u00e4h<\/strong><br \/>Association Actuary, Personnel<br \/><a href=\"mailto:beat@saunamarathon.ch\">beat@saunamarathon.ch<\/a><\/p>\n<p><strong>Manuel Gruber<\/strong><br \/>Media spokesperson, merchandising<br \/><a href=\"mailto:manuel@saunamarathon.ch\">manuel@saunamarathon.ch<\/a><\/p>\n<p><strong>Michael Mundt<\/strong><br \/>Finances<br \/><a href=\"mailto:michael@saunamarathon.ch\">michael@saunamarathon.ch<\/a><\/p>\n<p><strong>Fabian Bolli<\/strong><br \/>Offer planning Neuhausen am Rheinfall<\/p>\n<p><strong>Bruno Jakob<\/strong><br \/>Events (music, lighting), marketing<\/p>\n<p><strong>Nela Ilic<\/strong><br \/>Logistics<\/p>\n<p>[\/et_pb_text][\/et_pb_column][et_pb_column type=&#8220;1_2&#8243; _builder_version=&#8220;4.27.4&#8243; custom_padding_tablet=&#8220;50px|||&#8220; custom_padding_phone=&#8220;50px|||&#8220; custom_padding_last_edited=&#8220;on|desktop&#8220; animation_style=&#8220;slide&#8220; animation_direction=&#8220;right&#8220; animation_intensity_slide=&#8220;5%&#8220; global_colors_info=&#8220;{}&#8220; padding_tablet=&#8220;50px|||&#8220; padding_last_edited=&#8220;on|desktop&#8220; custom_padding__hover=&#8220;|||&#8220; padding_phone=&#8220;50px|||&#8220;][et_pb_text _builder_version=&#8220;4.27.4&#8243; global_colors_info=&#8220;{}&#8220;]<\/p>\n<h4>Extended organising committee<\/h4>\n<p><strong>Dominik Hakios<br \/><\/strong>Gastronomy<\/p>\n<p><strong>Andre Loos<\/strong><br \/>Drinks, infrastructure<\/p>\n<p><strong>Anita Marti<\/strong><br \/>Personnel, offer planning<\/p>\n<p><strong>Ronja Marti<\/strong><\/p>\n<p><strong>Christian Moser<\/strong><br \/>IT, connection to the Rhysauna Association<\/p>\n<p><strong>Reto Pfund<\/strong><br \/>Infrastructure<\/p>\n<p><strong>Sebastian Rey<\/strong><br \/>Energy, water<\/p>\n<p><strong>Adrian Seifert<\/strong><br \/>Social Media<\/p>\n<p><strong>J\u00fcrg Stalder<br \/><\/strong>Infusion planning<\/p>\n<p><strong>Ramona L\u00fcscher<br \/><\/strong>Infusion planning<\/p>\n<p><strong>Thomas Stamm<\/strong><br \/>Connection to the Munot Association<\/p>\n<p><strong>Peter Tschannen<\/strong><br \/>Catering for helpers, connection to the Finnish Association<\/p>\n<p><strong>Stephan Peter<\/strong><br \/>Catering for helpers<\/p>\n<p><strong>Alain Wacker<\/strong><\/p>\n<p><strong>Zeno Geisseler<\/strong><br \/>Moderation<\/p>\n<p>[\/et_pb_text][\/et_pb_column][\/et_pb_row][\/et_pb_section][et_pb_section fb_built=&#8220;1&#8243; custom_padding_last_edited=&#8220;on|tablet&#8220; prev_background_color=&#8220;#ffffff&#8220; next_background_color=&#8220;#ffffff&#8220; admin_label=&#8220;About Section&#8220; _builder_version=&#8220;4.27.4&#8243; background_enable_color=&#8220;off&#8220; use_background_color_gradient=&#8220;on&#8220; background_color_gradient_direction=&#8220;0deg&#8220; background_color_gradient_stops=&#8220;#f6a500 0%|#fddc00 100%&#8220; custom_margin=&#8220;|||&#8220; custom_padding=&#8220;120px||120px||true|false&#8220; custom_padding_tablet=&#8220;80px||80px||true|false&#8220; custom_padding_phone=&#8220;80px||80px||true|false&#8220; top_divider_style=&#8220;wave2&#8243; top_divider_height_tablet=&#8220;50px&#8220; top_divider_height_phone=&#8220;50px&#8220; top_divider_height_last_edited=&#8220;on|tablet&#8220; bottom_divider_style=&#8220;wave2&#8243; bottom_divider_flip=&#8220;vertical&#8220; bottom_divider_height_tablet=&#8220;50px&#8220; bottom_divider_height_phone=&#8220;50px&#8220; bottom_divider_height_last_edited=&#8220;on|tablet&#8220; locked=&#8220;off&#8220; global_colors_info=&#8220;{}&#8220;][et_pb_row _builder_version=&#8220;4.27.4&#8243; animation_style=&#8220;slide&#8220; animation_intensity_slide=&#8220;5%&#8220; global_colors_info=&#8220;{}&#8220;][et_pb_column type=&#8220;4_4&#8243; _builder_version=&#8220;4.27.4&#8243; global_colors_info=&#8220;{}&#8220; padding_tablet=&#8220;50px|50px||&#8220; padding_last_edited=&#8220;on|phone&#8220; padding_phone=&#8220;50px|50px||&#8220;][et_pb_text admin_label=&#8220;Title&#8220; _builder_version=&#8220;4.27.4&#8243; text_font=&#8220;||||||||&#8220; header_2_text_align=&#8220;center&#8220; custom_margin=&#8220;||10px||false|false&#8220; global_colors_info=&#8220;{}&#8220;]<\/p>\n<h2>Contact us<\/h2>\n<p>[\/et_pb_text][et_pb_divider color=&#8220;#CD1719&#8243; divider_weight=&#8220;3px&#8220; _builder_version=&#8220;4.27.4&#8243; max_width=&#8220;100px&#8220; module_alignment=&#8220;center&#8220; custom_margin=&#8220;||4px||false|false&#8220; global_colors_info=&#8220;{}&#8220;][\/et_pb_divider][et_pb_button button_url=&#8220;mailto:info@saunamarathon.ch&#8220; button_text=&#8220;info@saunamarathon.ch&#8220; button_alignment=&#8220;center&#8220; _builder_version=&#8220;4.27.4&#8243; _module_preset=&#8220;default&#8220; custom_button=&#8220;on&#8220; button_text_color=&#8220;#CD1719&#8243; button_bg_color=&#8220;#FFFFFF&#8220; global_colors_info=&#8220;{}&#8220;][\/et_pb_button][\/et_pb_column][\/et_pb_row][\/et_pb_section][et_pb_section fb_built=&#8220;1&#8243; _builder_version=&#8220;4.27.4&#8243; _module_preset=&#8220;default&#8220; global_colors_info=&#8220;{}&#8220;][et_pb_row _builder_version=&#8220;4.27.4&#8243; custom_margin=&#8220;|||&#8220; custom_margin_phone=&#8220;30px|||&#8220; custom_margin_last_edited=&#8220;off|desktop&#8220; animation_style=&#8220;slide&#8220; animation_direction=&#8220;top&#8220; animation_intensity_slide=&#8220;3%&#8220; locked=&#8220;off&#8220; global_colors_info=&#8220;{}&#8220;][et_pb_column type=&#8220;4_4&#8243; _builder_version=&#8220;4.27.4&#8243; custom_padding=&#8220;|||&#8220; global_colors_info=&#8220;{}&#8220; custom_padding__hover=&#8220;|||&#8220;][et_pb_text admin_label=&#8220;Title&#8220; _builder_version=&#8220;4.27.4&#8243; text_font=&#8220;||||||||&#8220; header_2_text_align=&#8220;center&#8220; global_colors_info=&#8220;{}&#8220;]<\/p>\n<h2 class=\"wp-block-heading\">Over 170 helpers<\/h2>\n<p>[\/et_pb_text][et_pb_divider color=&#8220;#CD1719&#8243; divider_weight=&#8220;3px&#8220; _builder_version=&#8220;4.27.4&#8243; max_width=&#8220;100px&#8220; module_alignment=&#8220;center&#8220; custom_margin=&#8220;||12px||false|false&#8220; global_colors_info=&#8220;{}&#8220;][\/et_pb_divider][et_pb_text _builder_version=&#8220;4.27.4&#8243; text_orientation=&#8220;center&#8220; global_colors_info=&#8220;{}&#8220;]<\/p>\n<p>The Schaffhausen Sauna Marathon would not be possible without the more than 170 volunteers.<\/p>\n<p>[\/et_pb_text][et_pb_video src=&#8220;https:\/\/www.youtube.com\/watch?v=-LnW8mYhf78&#8243; _builder_version=&#8220;4.27.4&#8243; _module_preset=&#8220;default&#8220; global_colors_info=&#8220;{}&#8220;][\/et_pb_video][\/et_pb_column][\/et_pb_row][\/et_pb_section]<\/p>","protected":false},"excerpt":{"rendered":"<p>Sauna aus Leidenschaft!Die Personen dahinter.Tr\u00e4gerin des Saunamarathons ist ein gemeinn\u00fctziger Verein, der \u00abVerein Saunamarathon Schaffhausen\u00bb. Der Verein ist nicht gewinnorientiert. Alle Mitglieder des Vereinsvorstandes und des Organisationskomitees arbeiten ehrenamtlich. Es werden weder L\u00f6hne noch Spesen ausbezahlt.Vereins\u00advorstand &amp; Organisations\u00adkomiteeDas Organisationskomitee in der RhysaunaOrganisationskomitee Daniel PreisigVereinspr\u00e4sident, Koordination, Angebotsplanungdaniel@saunamarathon.ch Beat F\u00e4hVereinsaktuar, Personalbeat@saunamarathon.ch Manuel GruberMediensprecher, Merchandisingmanuel@saunamarathon.ch Michael MundtFinanzenmichael@saunamarathon.ch Fabian [&hellip;]<\/p>","protected":false},"author":1,"featured_media":0,"parent":0,"menu_order":0,"comment_status":"closed","ping_status":"closed","template":"","meta":{"_et_pb_use_builder":"on","_et_pb_old_content":"","_et_gb_content_width":"","footnotes":""},"class_list":["post-271","page","type-page","status-publish","hentry"],"yoast_head":"<!-- This site is optimized with the Yoast SEO plugin v26.4 - https:\/\/yoast.com\/wordpress\/plugins\/seo\/ -->\n<title>\u00dcber Uns - Saunamarathon Schaffhausen<\/title>\n<meta name=\"description\" content=\"Hinter dem Saunamarathon Schaffhausen steht ein gemeinn\u00fctziger Verein mit \u00fcber 170 freiwilligen Helfer:innen.\" \/>\n<meta name=\"robots\" content=\"index, follow, max-snippet:-1, max-image-preview:large, max-video-preview:-1\" \/>\n<link rel=\"canonical\" href=\"https:\/\/saunamarathon.ch\/en\/ueber-uns\/\" \/>\n<meta property=\"og:locale\" content=\"en_GB\" \/>\n<meta property=\"og:type\" content=\"article\" \/>\n<meta property=\"og:title\" content=\"\u00dcber Uns - Saunamarathon Schaffhausen\" \/>\n<meta property=\"og:description\" content=\"Hinter dem Saunamarathon Schaffhausen steht ein gemeinn\u00fctziger Verein mit \u00fcber 170 freiwilligen Helfer:innen.\" \/>\n<meta property=\"og:url\" content=\"https:\/\/saunamarathon.ch\/en\/ueber-uns\/\" \/>\n<meta property=\"og:site_name\" content=\"Saunamarathon Schaffhausen\" \/>\n<meta property=\"article:modified_time\" content=\"2025-12-15T22:39:18+00:00\" \/>\n<meta name=\"twitter:card\" content=\"summary_large_image\" \/>\n<meta name=\"twitter:label1\" content=\"Estimated reading time\" \/>\n\t<meta name=\"twitter:data1\" content=\"2 minutes\" \/>\n<script type=\"application\/ld+json\" class=\"yoast-schema-graph\">{\"@context\":\"https:\/\/schema.org\",\"@graph\":[{\"@type\":\"WebPage\",\"@id\":\"https:\/\/saunamarathon.ch\/ueber-uns\/\",\"url\":\"https:\/\/saunamarathon.ch\/ueber-uns\/\",\"name\":\"\u00dcber Uns - Saunamarathon Schaffhausen\",\"isPartOf\":{\"@id\":\"https:\/\/saunamarathon.ch\/#website\"},\"datePublished\":\"2025-10-30T09:41:14+00:00\",\"dateModified\":\"2025-12-15T22:39:18+00:00\",\"description\":\"Hinter dem Saunamarathon Schaffhausen steht ein gemeinn\u00fctziger Verein mit \u00fcber 170 freiwilligen Helfer:innen.\",\"breadcrumb\":{\"@id\":\"https:\/\/saunamarathon.ch\/ueber-uns\/#breadcrumb\"},\"inLanguage\":\"en-GB\",\"potentialAction\":[{\"@type\":\"ReadAction\",\"target\":[\"https:\/\/saunamarathon.ch\/ueber-uns\/\"]}]},{\"@type\":\"BreadcrumbList\",\"@id\":\"https:\/\/saunamarathon.ch\/ueber-uns\/#breadcrumb\",\"itemListElement\":[{\"@type\":\"ListItem\",\"position\":1,\"name\":\"Startseite\",\"item\":\"https:\/\/saunamarathon.ch\/\"},{\"@type\":\"ListItem\",\"position\":2,\"name\":\"\u00dcber Uns\"}]},{\"@type\":\"WebSite\",\"@id\":\"https:\/\/saunamarathon.ch\/#website\",\"url\":\"https:\/\/saunamarathon.ch\/\",\"name\":\"Saunamarathon Schaffhausen\",\"description\":\"\",\"potentialAction\":[{\"@type\":\"SearchAction\",\"target\":{\"@type\":\"EntryPoint\",\"urlTemplate\":\"https:\/\/saunamarathon.ch\/?s={search_term_string}\"},\"query-input\":{\"@type\":\"PropertyValueSpecification\",\"valueRequired\":true,\"valueName\":\"search_term_string\"}}],\"inLanguage\":\"en-GB\"}]}<\/script>\n<!-- \/ Yoast SEO plugin. -->","yoast_head_json":{"title":"\u00dcber Uns - Saunamarathon Schaffhausen","description":"Hinter dem Saunamarathon Schaffhausen steht ein gemeinn\u00fctziger Verein mit \u00fcber 170 freiwilligen Helfer:innen.","robots":{"index":"index","follow":"follow","max-snippet":"max-snippet:-1","max-image-preview":"max-image-preview:large","max-video-preview":"max-video-preview:-1"},"canonical":"https:\/\/saunamarathon.ch\/en\/ueber-uns\/","og_locale":"en_GB","og_type":"article","og_title":"\u00dcber Uns - Saunamarathon Schaffhausen","og_description":"Hinter dem Saunamarathon Schaffhausen steht ein gemeinn\u00fctziger Verein mit \u00fcber 170 freiwilligen Helfer:innen.","og_url":"https:\/\/saunamarathon.ch\/en\/ueber-uns\/","og_site_name":"Saunamarathon Schaffhausen","article_modified_time":"2025-12-15T22:39:18+00:00","twitter_card":"summary_large_image","twitter_misc":{"Estimated reading time":"2 minutes"},"schema":{"@context":"https:\/\/schema.org","@graph":[{"@type":"WebPage","@id":"https:\/\/saunamarathon.ch\/ueber-uns\/","url":"https:\/\/saunamarathon.ch\/ueber-uns\/","name":"\u00dcber Uns - Saunamarathon Schaffhausen","isPartOf":{"@id":"https:\/\/saunamarathon.ch\/#website"},"datePublished":"2025-10-30T09:41:14+00:00","dateModified":"2025-12-15T22:39:18+00:00","description":"Hinter dem Saunamarathon Schaffhausen steht ein gemeinn\u00fctziger Verein mit \u00fcber 170 freiwilligen Helfer:innen.","breadcrumb":{"@id":"https:\/\/saunamarathon.ch\/ueber-uns\/#breadcrumb"},"inLanguage":"en-GB","potentialAction":[{"@type":"ReadAction","target":["https:\/\/saunamarathon.ch\/ueber-uns\/"]}]},{"@type":"BreadcrumbList","@id":"https:\/\/saunamarathon.ch\/ueber-uns\/#breadcrumb","itemListElement":[{"@type":"ListItem","position":1,"name":"Startseite","item":"https:\/\/saunamarathon.ch\/"},{"@type":"ListItem","position":2,"name":"\u00dcber Uns"}]},{"@type":"WebSite","@id":"https:\/\/saunamarathon.ch\/#website","url":"https:\/\/saunamarathon.ch\/","name":"Sauna marathon Schaffhausen","description":"","potentialAction":[{"@type":"SearchAction","target":{"@type":"EntryPoint","urlTemplate":"https:\/\/saunamarathon.ch\/?s={search_term_string}"},"query-input":{"@type":"PropertyValueSpecification","valueRequired":true,"valueName":"search_term_string"}}],"inLanguage":"en-GB"}]}},"_links":{"self":[{"href":"https:\/\/saunamarathon.ch\/en\/wp-json\/wp\/v2\/pages\/271","targetHints":{"allow":["GET"]}}],"collection":[{"href":"https:\/\/saunamarathon.ch\/en\/wp-json\/wp\/v2\/pages"}],"about":[{"href":"https:\/\/saunamarathon.ch\/en\/wp-json\/wp\/v2\/types\/page"}],"author":[{"embeddable":true,"href":"https:\/\/saunamarathon.ch\/en\/wp-json\/wp\/v2\/users\/1"}],"replies":[{"embeddable":true,"href":"https:\/\/saunamarathon.ch\/en\/wp-json\/wp\/v2\/comments?post=271"}],"version-history":[{"count":19,"href":"https:\/\/saunamarathon.ch\/en\/wp-json\/wp\/v2\/pages\/271\/revisions"}],"predecessor-version":[{"id":3044,"href":"https:\/\/saunamarathon.ch\/en\/wp-json\/wp\/v2\/pages\/271\/revisions\/3044"}],"wp:attachment":[{"href":"https:\/\/saunamarathon.ch\/en\/wp-json\/wp\/v2\/media?parent=271"}],"curies":[{"name":"wp","href":"https:\/\/api.w.org\/{rel}","templated":true}]}}