{"id":1264,"date":"2025-11-18T22:22:06","date_gmt":"2025-11-18T21:22:06","guid":{"rendered":"https:\/\/saunamarathon.ch\/?page_id=1264"},"modified":"2026-02-20T11:35:11","modified_gmt":"2026-02-20T10:35:11","slug":"sauna-kollektion","status":"publish","type":"page","link":"https:\/\/saunamarathon.ch\/en\/sauna-kollektion\/","title":{"rendered":"Sauna collection"},"content":{"rendered":"<p>[et_pb_section fb_built=\u201c1\u2033 admin_label=\u201cHeader\u201c _builder_version=\u201c4.27.4\u2033 background_image=\u201chttps:\/\/saunamarathon.ch\/wp-content\/uploads\/2025\/11\/kapitelbild-saunamarathon-15.jpg\u201c background_position=\u201ctop_center\u201c max_width_last_edited=\u201coff|desktop\u201c min_height=\u201c600px\u201c min_height_tablet=\u201c400px\u201c min_height_phone=\u201c200px\u201c min_height_last_edited=\u201con|phone\u201c custom_margin=\u201c||||false|false\u201c bottom_divider_style=\u201cwave2\u2033 bottom_divider_color=\u201c#FDDC00\u2033 bottom_divider_height_tablet=\u201c50px\u201c bottom_divider_height_phone=\u201c50px\u201c bottom_divider_height_last_edited=\u201con|tablet\u201c locked=\u201coff\u201c global_colors_info=\u201c{}\u201c][\/et_pb_section][et_pb_section fb_built=\u201c1\u2033 custom_padding_last_edited=\u201con|tablet\u201c admin_label=\u201cHero Section\u201c _builder_version=\u201c4.27.4\u2033 use_background_color_gradient=\u201con\u201c background_color_gradient_direction=\u201c0deg\u201c background_color_gradient_stops=\u201c#f6a500 0%|#fddc00 100%\u201c background_color_gradient_start=\u201c#a258ff\u201c background_color_gradient_end=\u201c#308cff\u201c custom_margin=\u201c|||\u201c custom_padding=\u201c40px||120px||false|false\u201c custom_padding_tablet=\u201c40px||80px||false|false\u201c custom_padding_phone=\u201c40px||80px||false|false\u201c bottom_divider_style=\u201cwave2\u2033 bottom_divider_color=\u201c#FFFFFF\u201c bottom_divider_repeat=\u201c1x\u201c bottom_divider_flip=\u201cvertical\u201c bottom_divider_height_tablet=\u201c50px\u201c bottom_divider_height_phone=\u201c50px\u201c bottom_divider_height_last_edited=\u201con|tablet\u201c locked=\u201coff\u201c global_colors_info=\u201c{}\u201c][et_pb_row _builder_version=\u201c4.27.4\u2033 background_size=\u201cinitial\u201c background_position=\u201ctop_left\u201c background_repeat=\u201crepeat\u201c custom_margin=\u201c||40px|\u201c animation_style=\u201cslide\u201c animation_intensity_slide=\u201c5%\u201c global_colors_info=\u201c{}\u201c][et_pb_column type=\u201c4_4\u2033 _builder_version=\u201c4.16\u2033 custom_padding=\u201c|||\u201c global_colors_info=\u201c{}\u201c custom_padding__hover=\u201c|||\u201c][et_pb_text admin_label=\u201cTitle\u201c _builder_version=\u201c4.27.4\u2033 text_font=\u201c||||||||\u201c header_text_align=\u201ccentre\u201c background_layout=\u201cdark\u201c global_colors_info=\u201c{}\u201c]<\/p>\n<h1>Sauna marathon collection<\/h1>\n<p>[\/et_pb_text][et_pb_divider color=&#8220;#FFFFFF&#8220; divider_weight=&#8220;3px&#8220; _builder_version=&#8220;4.27.4&#8243; max_width=&#8220;100px&#8220; module_alignment=&#8220;center&#8220; global_colors_info=&#8220;{}&#8220;][\/et_pb_divider][et_pb_text _builder_version=&#8220;4.27.4&#8243; text_text_color=&#8220;#FFFFFF&#8220; header_font=&#8220;||||||||&#8220; text_orientation=&#8220;center&#8220; max_width=&#8220;700px&#8220; module_alignment=&#8220;center&#8220; hover_enabled=&#8220;0&#8243; global_colors_info=&#8220;{}&#8220; sticky_enabled=&#8220;0&#8243;]<\/p>\n<p>The perfect clothing for the sauna marathon? We produce high-quality bathrobes and sauna hats embroidered with the official Sauna Marathon logo.<\/p>\n<p><span style=\"color: #ff0000;\"><strong>Online pre-sales are suspended during the sauna marathon. The collection can be purchased directly at the registration desk and at the award ceremony.<\/strong><\/span><\/p>\n<p>[\/et_pb_text][\/et_pb_column][\/et_pb_row][\/et_pb_section][et_pb_section fb_built=&#8220;1&#8243; admin_label=&#8220;About Section&#8220; module_id=&#8220;anreise&#8220; _builder_version=&#8220;4.27.4&#8243; background_color_gradient_direction=&#8220;145deg&#8220; custom_margin=&#8220;|||&#8220; custom_padding=&#8220;4vh||4vh||true|false&#8220; global_colors_info=&#8220;{}&#8220;][et_pb_row column_structure=&#8220;1_2,1_2&#8243; _builder_version=&#8220;4.27.4&#8243; custom_margin=&#8220;|||&#8220; custom_margin_phone=&#8220;30px|||&#8220; custom_margin_last_edited=&#8220;off|desktop&#8220; custom_css_main_element=&#8220;display: flex;||flex-wrap: wrap;&#8220; locked=&#8220;off&#8220; global_colors_info=&#8220;{}&#8220;][et_pb_column type=&#8220;1_2&#8243; _builder_version=&#8220;4.27.4&#8243; custom_padding=&#8220;|||&#8220; custom_padding_tablet=&#8220;50px||||false|false&#8220; custom_padding_phone=&#8220;50px||||false|false&#8220; custom_padding_last_edited=&#8220;on|phone&#8220; animation_style=&#8220;slide&#8220; animation_intensity_slide=&#8220;5%&#8220; global_colors_info=&#8220;{}&#8220; custom_padding__hover=&#8220;|||&#8220; custom_css_main_element_last_edited=&#8220;on|tablet&#8220; custom_css_main_element_tablet=&#8220;order: 2;&#8220; custom_css_main_element_phone=&#8220;order: 2;&#8220;][et_pb_image src=&#8220;https:\/\/saunamarathon.ch\/wp-content\/uploads\/2026\/02\/Saunahut_neu-scaled.jpg&#8220; title_text=&#8220;Saunahut_neu&#8220; show_bottom_space=&#8220;off&#8220; _builder_version=&#8220;4.27.4&#8243; _module_preset=&#8220;default&#8220; border_radii=&#8220;on|24px|24px|24px|24px&#8220; box_shadow_style=&#8220;preset3&#8243; box_shadow_color=&#8220;rgba(0,0,0,0.2)&#8220; global_colors_info=&#8220;{}&#8220;][\/et_pb_image][et_pb_text _builder_version=&#8220;4.27.4&#8243; text_font_size=&#8220;14px&#8220; text_line_height=&#8220;1.5em&#8220; custom_margin=&#8220;16px||||false|false&#8220; global_colors_info=&#8220;{}&#8220;]<\/p>\n<p>The official sauna marathon sauna hat with logo embroidery (successfully tested by the organising committee in Lapland at temperatures between 85 and -15 \u00b0C!)<\/p>\n<p>[\/et_pb_text][\/et_pb_column][et_pb_column type=\u201c1_2\u2033 _builder_version=\u201c4.27.4\u2033 custom_padding_tablet=\u201c||||false|false\u201c custom_padding_phone=\u201c||||false|false\u201c custom_padding_last_edited=\u201con|desktop\u201c animation_style=\u201cslide\u201c animation_direction=\u201cright\u201c animation_intensity_slide=\u201c5%\u201c global_colors_info=\u201c{}\u201c padding_tablet=\u201c50px||||\u201c padding_last_edited=\u201con|desktop\u201c custom_padding__hover=\u201c|||\u201c padding_phone=\u201c50px|||\u201c custom_css_main_element_last_edited=\u201con|tablet\u201c custom_css_main_element_tablet=\u201corder: 1;\u201c custom_css_main_element_phone=\u201corder: 1;\u201c][et_pb_text admin_label=\u201cTitle\u201c _builder_version=\u201c4.27.4\u2033 text_font=\u201c||||||||\u201c custom_margin=\u201c||10px||false|false\u201c global_colors_info=\u201c{}\u201c]<\/p>\n<h2>Sauna hat<\/h2>\n<p>[\/et_pb_text][et_pb_divider colour=\u201c#CD1719\u2033 divider_weight=\u201c3px\u201c _builder_version=\u201c4.27.4\u2033 max_width=\u201c100px\u201c custom_margin=\u201c||4px||false|false\u201c global_colors_info=\u201c{}\u201c][\/et_pb_divider][et_pb_text _builder_version=\u201c4.27.4\u2033 global_colors_info=\u201c{}\u201c]<\/p>\n<p><strong>The official Saunamarathon sauna hat with embroidered logo.<\/strong><\/p>\n<p><span style=\"color: #ff0000;\"><strong>only CHF 18.-<\/strong><\/span><\/p>\n<p>Product information: 100% Felt, 3 mm<\/p>\n<ul><\/ul>\n<p>[\/et_pb_text][et_pb_button button_url=&#8220;https:\/\/saunamarathon.payrexx.com\/pay?tid=7c21ef72&#8243; url_new_window=&#8220;on&#8220; button_text=&#8220;Saunahut bestellen&#8220; _builder_version=&#8220;4.27.4&#8243; _module_preset=&#8220;default&#8220; global_colors_info=&#8220;{}&#8220;][\/et_pb_button][\/et_pb_column][\/et_pb_row][\/et_pb_section][et_pb_section fb_built=&#8220;1&#8243; admin_label=&#8220;About Section&#8220; module_id=&#8220;anreise&#8220; _builder_version=&#8220;4.27.4&#8243; background_color_gradient_direction=&#8220;145deg&#8220; custom_margin=&#8220;|||&#8220; custom_padding=&#8220;4vh||4vh||true|false&#8220; global_colors_info=&#8220;{}&#8220;][et_pb_row column_structure=&#8220;1_2,1_2&#8243; _builder_version=&#8220;4.27.4&#8243; custom_margin=&#8220;|||&#8220; custom_margin_phone=&#8220;30px|||&#8220; custom_margin_last_edited=&#8220;off|desktop&#8220; custom_css_main_element=&#8220;display: flex;||flex-wrap: wrap;&#8220; locked=&#8220;off&#8220; global_colors_info=&#8220;{}&#8220;][et_pb_column type=&#8220;1_2&#8243; _builder_version=&#8220;4.27.4&#8243; custom_padding=&#8220;|||&#8220; custom_padding_tablet=&#8220;50px||||false|false&#8220; custom_padding_phone=&#8220;50px||||false|false&#8220; custom_padding_last_edited=&#8220;on|phone&#8220; animation_style=&#8220;slide&#8220; animation_intensity_slide=&#8220;5%&#8220; global_colors_info=&#8220;{}&#8220; custom_padding__hover=&#8220;|||&#8220; custom_css_main_element_last_edited=&#8220;on|tablet&#8220; custom_css_main_element_tablet=&#8220;order: 2;&#8220; custom_css_main_element_phone=&#8220;order: 2;&#8220;][et_pb_image src=&#8220;https:\/\/saunamarathon.ch\/wp-content\/uploads\/2026\/01\/Saunamantel_Economy_q_2.png&#8220; title_text=&#8220;Saunamantel_Economy_q_2&#8243; show_bottom_space=&#8220;off&#8220; _builder_version=&#8220;4.27.4&#8243; _module_preset=&#8220;default&#8220; border_radii=&#8220;on|24px|24px|24px|24px&#8220; box_shadow_style=&#8220;preset3&#8243; box_shadow_color=&#8220;rgba(0,0,0,0.2)&#8220; global_colors_info=&#8220;{}&#8220;][\/et_pb_image][et_pb_text _builder_version=&#8220;4.27.4&#8243; text_font_size=&#8220;14px&#8220; text_line_height=&#8220;1.5em&#8220; custom_margin=&#8220;16px||||false|false&#8220; global_colors_info=&#8220;{}&#8220;]<\/p>\n<p>Our economy sauna robe with large embroidered logo on the back<\/p>\n<p>[\/et_pb_text][et_pb_image src=&#8220;https:\/\/saunamarathon.ch\/wp-content\/uploads\/2026\/01\/Saunamantel_Economy_q_4.png&#8220; title_text=&#8220;Saunamantel_Economy_q_4&#8243; show_bottom_space=&#8220;off&#8220; _builder_version=&#8220;4.27.4&#8243; _module_preset=&#8220;default&#8220; border_radii=&#8220;on|24px|24px|24px|24px&#8220; box_shadow_style=&#8220;preset3&#8243; box_shadow_color=&#8220;rgba(0,0,0,0.2)&#8220; global_colors_info=&#8220;{}&#8220;][\/et_pb_image][\/et_pb_column][et_pb_column type=&#8220;1_2&#8243; _builder_version=&#8220;4.27.4&#8243; custom_padding_tablet=&#8220;||||false|false&#8220; custom_padding_phone=&#8220;||||false|false&#8220; custom_padding_last_edited=&#8220;on|desktop&#8220; animation_style=&#8220;slide&#8220; animation_direction=&#8220;right&#8220; animation_intensity_slide=&#8220;5%&#8220; global_colors_info=&#8220;{}&#8220; padding_tablet=&#8220;50px|||&#8220; padding_last_edited=&#8220;on|desktop&#8220; custom_padding__hover=&#8220;|||&#8220; padding_phone=&#8220;50px|||&#8220; custom_css_main_element_last_edited=&#8220;on|tablet&#8220; custom_css_main_element_tablet=&#8220;order: 1;&#8220; custom_css_main_element_phone=&#8220;order: 1;&#8220;][et_pb_text admin_label=&#8220;Title&#8220; _builder_version=&#8220;4.27.4&#8243; text_font=&#8220;||||||||&#8220; custom_margin=&#8220;||10px||false|false&#8220; global_colors_info=&#8220;{}&#8220;]<\/p>\n<h2>Economy sauna robe<\/h2>\n<p>[\/et_pb_text][et_pb_divider colour=\u201c#CD1719\u2033 divider_weight=\u201c3px\u201c _builder_version=\u201c4.27.4\u2033 max_width=\u201c100px\u201c custom_margin=\u201c||4px||false|false\u201c global_colors_info=\u201c{}\u201c][\/et_pb_divider][et_pb_text _builder_version=\u201c4.27.4\u2033 global_colors_info=\u201c{}\u201c]<\/p>\n<p><strong>We now offer an inexpensive sauna robe, fluffy and white, with a large embroidered logo.<\/strong><\/p>\n<p><strong style=\"color: #cd1719;\">only CHF 48.-<\/strong><\/p>\n<p>This bathrobe is not an accessory. - It is a statement!<\/p>\n<p>Whether after an infusion, a cool-down in the snow or the first coffee after the sauna: the Saunamarathon bathrobe accompanies you wherever real sauna culture is practised.<\/p>\n<p>The high-quality, pleasantly soft material ensures cosy warmth, while the casual cut offers maximum freedom of movement - perfect for long sauna days, events or relaxing moments at home. The iconic Saunamarathon logo on the back shows that you belong to a community that loves the heat, celebrates the cold and lives for the sauna. A bathrobe for all those who not only do sauna - but feel it.<\/p>\n<p><span style=\"text-decoration: underline;\"><span style=\"font-size: 16px;\">Product information:<\/span><\/span><\/p>\n<ul>\n<li>One size (casual, comfortable cut)<\/li>\n<li>100 % Polyester<\/li>\n<li>Colour: White<\/li>\n<li>Soft, easy-care and dimensionally stable<\/li>\n<li>Ideal for sauna, wellness, spa &amp; outdoor cool-down<\/li>\n<\/ul>\n<p>\ud83d\udc49 Part of the official Saunamarathon collection<br \/>\ud83d\udc49 Limited - while stocks last!<\/p>\n<p>[\/et_pb_text][et_pb_button button_url=\u201chttps:\/\/saunamarathon.payrexx.com\/pay?tid=7c21ef72\u2033 url_new_window=\u201con\u201c button_text=\u201cOrder sauna robe\u201c _builder_version=\u201c4.27.4\u2033 _module_preset=\u201cdefault\u201c global_colors_info=\u201c{}\u201c][\/et_pb_button][\/et_pb_column][\/et_pb_row][\/et_pb_section][et_pb_section fb_built=\u201c1\u2033 custom_padding_last_edited=\u201con|tablet\u201c prev_background_color=\u201c#ffffffff\u201c next_background_color=\u201c#ffffffff\u201c admin_label=\u201cAbout Section\u201c module_id=\u201coeffentlicher_verkehr\u201c _builder_version=\u201c4.27.4\u2033 background_color=\u201c#FDDC00\u2033 use_background_color_gradient=\u201con\u201c background_color_gradient_direction=\u201c0deg\u201c background_color_gradient_stops=\u201c#f6a500 0%|#fddc00 100%\u201c custom_margin=\u201c|||\u201c custom_padding=\u201c120px||120px||true|false\u201c custom_padding_tablet=\u201c80px||80px||true|false\u201c custom_padding_phone=\u201c80px||80px||true|false\u201c top_divider_style=\u201cwave2\u2033 top_divider_height_tablet=\u201c50px\u201c top_divider_height_phone=\u201c50px\u201c top_divider_height_last_edited=\u201con|tablet\u201c bottom_divider_style=\u201cwave2\u2033 bottom_divider_flip=\u201cvertical\u201c bottom_divider_height_tablet=\u201c50px\u201c bottom_divider_height_phone=\u201c50px\u201c bottom_divider_height_last_edited=\u201con|tablet\u201c global_colors_info=\u201c{}\u201c][et_pb_row column_structure=\u201c1_2,1_2\u2033 _builder_version=\u201c4.27.4\u2033 global_colors_info=\u201c{}\u201c][et_pb_column type=\u201c1_2\u2033 _builder_version=\u201c4.27.4\u2033 animation_style=\u201cslide\u201c animation_direction=\u201cleft\u201c animation_intensity_slide=\u201c5%\u201c global_colors_info=\u201c{}\u201c padding_tablet=\u201c50px|50px||\u201c padding_last_edited=\u201con|phone\u201c padding_phone=\u201c50px|50px||\u201c][et_pb_text admin_label=\u201cTitle\u201c _builder_version=\u201c4.27.4\u2033 text_font=\u201c||||||||\u201c custom_margin=\u201c||10px||false|false\u201c global_colors_info=\u201c{}\u201c]<\/p>\n<h2>Premium sauna robe<\/h2>\n<p>[\/et_pb_text][et_pb_divider colour=\u201c#CD1719\u2033 divider_weight=\u201c3px\u201c _builder_version=\u201c4.27.4\u2033 max_width=\u201c100px\u201c custom_margin=\u201c||4px||false|false\u201c global_colors_info=\u201c{}\u201c][\/et_pb_divider][et_pb_text _builder_version=\u201c4.27.4\u2033 custom_padding=\u201c0px|||||\u201c global_colors_info=\u201c{}\u201c]<\/p>\n<p><strong>The premium sauna robe in navy blue and luxury plush, with large embroidered logo.<\/strong><\/p>\n<p><span style=\"color: #cd1719;\"><strong>only CHF 95.-<\/strong><\/span><\/p>\n<p><span style=\"text-decoration: underline;\"><span style=\"font-size: 16px;\">Product information:<\/span><\/span><\/p>\n<ul>\n<li><strong>Fashionable colour:<\/strong> Mavy blue<\/li>\n<li><strong>Comfortable and warm:<\/strong> The sauna robe is made of soft and cosy luxury plush with a large hood and decorative piping.<\/li>\n<li><strong>Practical and stylish:<\/strong> The sauna robe has two front pockets and a waist belt.<\/li>\n<li><strong>Environmentally conscious:<\/strong> The 68% dressing gown is made from verifiably recycled material and comes in vacuum packaging to reduce the carbon footprint.<\/li>\n<\/ul>\n<p>[\/et_pb_text][et_pb_button button_url=&#8220;https:\/\/saunamarathon.payrexx.com\/pay?tid=7c21ef72&#8243; url_new_window=&#8220;on&#8220; button_text=&#8220;Saunamantel bestellen&#8220; _builder_version=&#8220;4.27.4&#8243; _module_preset=&#8220;default&#8220; global_colors_info=&#8220;{}&#8220;][\/et_pb_button][\/et_pb_column][et_pb_column type=&#8220;1_2&#8243; _builder_version=&#8220;4.27.4&#8243; custom_padding_tablet=&#8220;50px||||false|false&#8220; custom_padding_phone=&#8220;50px||||false|false&#8220; custom_padding_last_edited=&#8220;on|tablet&#8220; animation_style=&#8220;slide&#8220; animation_intensity_slide=&#8220;5%&#8220; global_colors_info=&#8220;{}&#8220;][et_pb_image src=&#8220;https:\/\/saunamarathon.ch\/wp-content\/uploads\/2025\/11\/Saunamarathon_Bademantel_1.jpg&#8220; title_text=&#8220;Saunamarathon_Bademantel_1&#8243; show_bottom_space=&#8220;off&#8220; _builder_version=&#8220;4.27.4&#8243; _module_preset=&#8220;default&#8220; custom_margin=&#8220;||||false|false&#8220; border_radii=&#8220;on|24px|24px|24px|24px&#8220; box_shadow_style=&#8220;preset3&#8243; box_shadow_color=&#8220;rgba(0,0,0,0.2)&#8220; global_colors_info=&#8220;{}&#8220;][\/et_pb_image][et_pb_text _builder_version=&#8220;4.27.4&#8243; text_font_size=&#8220;14px&#8220; text_line_height=&#8220;1.5em&#8220; custom_margin=&#8220;16px||||false|false&#8220; global_colors_info=&#8220;{}&#8220;]<\/p>\n<p>The official sauna marathon coat with embroidered logo<\/p>\n<p>[\/et_pb_text][\/et_pb_column][\/et_pb_row][\/et_pb_section]<\/p>","protected":false},"excerpt":{"rendered":"<p>Sau&shy;na&shy;ma&shy;ra&shy;thon KollektionDie perfekte Kleidung am Saunamarathon? Wir fertigen f\u00fcr Dich hochwertige, mit dem offiziellen Saunamarathon bestickte Badem\u00e4ntel und Saunah\u00fcte. W\u00e4hrend dem Saunamarathon ist der Online-Vorverkauf pausiert. Die Kollektion kann direkt an der Registration und bei der Siegerehrung erworben werden.Der offizielle Saunamarathon-Saunahut mit Logobestickung (vom Organisationskomitee erfolgreich getestet in Lappland bei Temperaturen zwischen 85 und -15 [&hellip;]<\/p>","protected":false},"author":2,"featured_media":0,"parent":0,"menu_order":0,"comment_status":"closed","ping_status":"closed","template":"","meta":{"_et_pb_use_builder":"on","_et_pb_old_content":"","_et_gb_content_width":"","footnotes":""},"class_list":["post-1264","page","type-page","status-publish","hentry"],"yoast_head":"<!-- This site is optimized with the Yoast SEO plugin v26.4 - https:\/\/yoast.com\/wordpress\/plugins\/seo\/ -->\n<title>Sauna-Kollektion - Saunamarathon Schaffhausen<\/title>\n<meta name=\"description\" content=\"Offizielle Sauna-Kollektion des Saunamarathon Schaffhausen: Hochwertige bestickte Badem\u00e4ntel und Saunah\u00fcte f\u00fcr dein Sauna-Erlebnis.\" \/>\n<meta name=\"robots\" content=\"index, follow, max-snippet:-1, max-image-preview:large, max-video-preview:-1\" \/>\n<link rel=\"canonical\" href=\"https:\/\/saunamarathon.ch\/en\/sauna-kollektion\/\" \/>\n<meta property=\"og:locale\" content=\"en_GB\" \/>\n<meta property=\"og:type\" content=\"article\" \/>\n<meta property=\"og:title\" content=\"Sauna-Kollektion - Saunamarathon Schaffhausen\" \/>\n<meta property=\"og:description\" content=\"Offizielle Sauna-Kollektion des Saunamarathon Schaffhausen: Hochwertige bestickte Badem\u00e4ntel und Saunah\u00fcte f\u00fcr dein Sauna-Erlebnis.\" \/>\n<meta property=\"og:url\" content=\"https:\/\/saunamarathon.ch\/en\/sauna-kollektion\/\" \/>\n<meta property=\"og:site_name\" content=\"Saunamarathon Schaffhausen\" \/>\n<meta property=\"article:modified_time\" content=\"2026-02-20T10:35:11+00:00\" \/>\n<meta name=\"twitter:card\" content=\"summary_large_image\" \/>\n<meta name=\"twitter:label1\" content=\"Estimated reading time\" \/>\n\t<meta name=\"twitter:data1\" content=\"2 minutes\" \/>\n<script type=\"application\/ld+json\" class=\"yoast-schema-graph\">{\"@context\":\"https:\/\/schema.org\",\"@graph\":[{\"@type\":\"WebPage\",\"@id\":\"https:\/\/saunamarathon.ch\/sauna-kollektion\/\",\"url\":\"https:\/\/saunamarathon.ch\/sauna-kollektion\/\",\"name\":\"Sauna-Kollektion - Saunamarathon Schaffhausen\",\"isPartOf\":{\"@id\":\"https:\/\/saunamarathon.ch\/#website\"},\"datePublished\":\"2025-11-18T21:22:06+00:00\",\"dateModified\":\"2026-02-20T10:35:11+00:00\",\"description\":\"Offizielle Sauna-Kollektion des Saunamarathon Schaffhausen: Hochwertige bestickte Badem\u00e4ntel und Saunah\u00fcte f\u00fcr dein Sauna-Erlebnis.\",\"breadcrumb\":{\"@id\":\"https:\/\/saunamarathon.ch\/sauna-kollektion\/#breadcrumb\"},\"inLanguage\":\"en-GB\",\"potentialAction\":[{\"@type\":\"ReadAction\",\"target\":[\"https:\/\/saunamarathon.ch\/sauna-kollektion\/\"]}]},{\"@type\":\"BreadcrumbList\",\"@id\":\"https:\/\/saunamarathon.ch\/sauna-kollektion\/#breadcrumb\",\"itemListElement\":[{\"@type\":\"ListItem\",\"position\":1,\"name\":\"Startseite\",\"item\":\"https:\/\/saunamarathon.ch\/\"},{\"@type\":\"ListItem\",\"position\":2,\"name\":\"Sauna-Kollektion\"}]},{\"@type\":\"WebSite\",\"@id\":\"https:\/\/saunamarathon.ch\/#website\",\"url\":\"https:\/\/saunamarathon.ch\/\",\"name\":\"Saunamarathon Schaffhausen\",\"description\":\"\",\"potentialAction\":[{\"@type\":\"SearchAction\",\"target\":{\"@type\":\"EntryPoint\",\"urlTemplate\":\"https:\/\/saunamarathon.ch\/?s={search_term_string}\"},\"query-input\":{\"@type\":\"PropertyValueSpecification\",\"valueRequired\":true,\"valueName\":\"search_term_string\"}}],\"inLanguage\":\"en-GB\"}]}<\/script>\n<!-- \/ Yoast SEO plugin. -->","yoast_head_json":{"title":"Sauna collection - Saunamarathon Schaffhausen","description":"Official sauna collection of the Schaffhausen Sauna Marathon: high-quality embroidered bathrobes and sauna hats for your sauna experience.","robots":{"index":"index","follow":"follow","max-snippet":"max-snippet:-1","max-image-preview":"max-image-preview:large","max-video-preview":"max-video-preview:-1"},"canonical":"https:\/\/saunamarathon.ch\/en\/sauna-kollektion\/","og_locale":"en_GB","og_type":"article","og_title":"Sauna-Kollektion - Saunamarathon Schaffhausen","og_description":"Offizielle Sauna-Kollektion des Saunamarathon Schaffhausen: Hochwertige bestickte Badem\u00e4ntel und Saunah\u00fcte f\u00fcr dein Sauna-Erlebnis.","og_url":"https:\/\/saunamarathon.ch\/en\/sauna-kollektion\/","og_site_name":"Saunamarathon Schaffhausen","article_modified_time":"2026-02-20T10:35:11+00:00","twitter_card":"summary_large_image","twitter_misc":{"Estimated reading time":"2 minutes"},"schema":{"@context":"https:\/\/schema.org","@graph":[{"@type":"WebPage","@id":"https:\/\/saunamarathon.ch\/sauna-kollektion\/","url":"https:\/\/saunamarathon.ch\/sauna-kollektion\/","name":"Sauna collection - Saunamarathon Schaffhausen","isPartOf":{"@id":"https:\/\/saunamarathon.ch\/#website"},"datePublished":"2025-11-18T21:22:06+00:00","dateModified":"2026-02-20T10:35:11+00:00","description":"Official sauna collection of the Schaffhausen Sauna Marathon: high-quality embroidered bathrobes and sauna hats for your sauna experience.","breadcrumb":{"@id":"https:\/\/saunamarathon.ch\/sauna-kollektion\/#breadcrumb"},"inLanguage":"en-GB","potentialAction":[{"@type":"ReadAction","target":["https:\/\/saunamarathon.ch\/sauna-kollektion\/"]}]},{"@type":"BreadcrumbList","@id":"https:\/\/saunamarathon.ch\/sauna-kollektion\/#breadcrumb","itemListElement":[{"@type":"ListItem","position":1,"name":"Startseite","item":"https:\/\/saunamarathon.ch\/"},{"@type":"ListItem","position":2,"name":"Sauna-Kollektion"}]},{"@type":"WebSite","@id":"https:\/\/saunamarathon.ch\/#website","url":"https:\/\/saunamarathon.ch\/","name":"Sauna marathon Schaffhausen","description":"","potentialAction":[{"@type":"SearchAction","target":{"@type":"EntryPoint","urlTemplate":"https:\/\/saunamarathon.ch\/?s={search_term_string}"},"query-input":{"@type":"PropertyValueSpecification","valueRequired":true,"valueName":"search_term_string"}}],"inLanguage":"en-GB"}]}},"_links":{"self":[{"href":"https:\/\/saunamarathon.ch\/en\/wp-json\/wp\/v2\/pages\/1264","targetHints":{"allow":["GET"]}}],"collection":[{"href":"https:\/\/saunamarathon.ch\/en\/wp-json\/wp\/v2\/pages"}],"about":[{"href":"https:\/\/saunamarathon.ch\/en\/wp-json\/wp\/v2\/types\/page"}],"author":[{"embeddable":true,"href":"https:\/\/saunamarathon.ch\/en\/wp-json\/wp\/v2\/users\/2"}],"replies":[{"embeddable":true,"href":"https:\/\/saunamarathon.ch\/en\/wp-json\/wp\/v2\/comments?post=1264"}],"version-history":[{"count":17,"href":"https:\/\/saunamarathon.ch\/en\/wp-json\/wp\/v2\/pages\/1264\/revisions"}],"predecessor-version":[{"id":3883,"href":"https:\/\/saunamarathon.ch\/en\/wp-json\/wp\/v2\/pages\/1264\/revisions\/3883"}],"wp:attachment":[{"href":"https:\/\/saunamarathon.ch\/en\/wp-json\/wp\/v2\/media?parent=1264"}],"curies":[{"name":"wp","href":"https:\/\/api.w.org\/{rel}","templated":true}]}}